{"id":408,"date":"2024-01-01T02:30:10","date_gmt":"2024-01-01T01:30:10","guid":{"rendered":"https:\/\/gaviaspreview.com\/wp\/gowilds\/?page_id=27"},"modified":"2024-02-16T14:47:20","modified_gmt":"2024-02-16T13:47:20","slug":"blog","status":"publish","type":"page","link":"https:\/\/izimanija.com\/de\/blog\/","title":{"rendered":"Blog"},"content":{"rendered":"<div data-elementor-type=\"wp-page\" data-elementor-id=\"408\" class=\"elementor elementor-408\">\n\t\t\t\t\t\t<section class=\"elementor-section elementor-top-section elementor-element elementor-element-15c24e5 elementor-section-full_width elementor-section-height-default elementor-section-height-default\" data-id=\"15c24e5\" data-element_type=\"section\">\n\t\t\t\t\t\t<div class=\"elementor-container elementor-column-gap-default\">\n\t\t\t\t\t<div class=\"elementor-column elementor-col-100 elementor-top-column elementor-element elementor-element-5072785\" data-id=\"5072785\" data-element_type=\"column\">\n\t\t\t<div class=\"elementor-widget-wrap elementor-element-populated\">\n\t\t\t\t\t\t<div class=\"elementor-element elementor-element-c198af0 elementor-widget elementor-widget-gva_post_breadcrumb\" data-id=\"c198af0\" data-element_type=\"widget\" data-widget_type=\"gva_post_breadcrumb.default\">\n\t\t\t\t<div class=\"elementor-widget-container\">\n\t\t\t<div class=\"gva-element-gva_post_breadcrumb gva-element\">   \r\n<div class=\"post-breadcrumb\">\r\n   <div class=\"custom-breadcrumb\" >\r\n            <div class=\"breadcrumb-main\">\r\n        <div class=\"container\">\r\n          <div class=\"breadcrumb-container-inner align-center\">\r\n            <h2 class=\"heading-title\">Blog<\/h2><ol class=\"breadcrumb\"><li><a href=\"https:\/\/izimanija.com\/de\">Startseite<\/a> <\/li> <li class=\"active\">Seite<\/li><\/ol>          <\/div>  \r\n        <\/div>   \r\n      <\/div>  \r\n   <\/div>\r\n<\/div>      \r\n\r\n<\/div>\t\t<\/div>\n\t\t\t\t<\/div>\n\t\t\t\t\t<\/div>\n\t\t<\/div>\n\t\t\t\t\t<\/div>\n\t\t<\/section>\n\t\t\t\t<section class=\"elementor-section elementor-top-section elementor-element elementor-element-2ac74c4 elementor-section-boxed elementor-section-height-default elementor-section-height-default\" data-id=\"2ac74c4\" data-element_type=\"section\">\n\t\t\t\t\t\t<div class=\"elementor-container elementor-column-gap-default\">\n\t\t\t\t\t<div class=\"elementor-column elementor-col-100 elementor-top-column elementor-element elementor-element-2d8cdf9\" data-id=\"2d8cdf9\" data-element_type=\"column\">\n\t\t\t<div class=\"elementor-widget-wrap elementor-element-populated\">\n\t\t\t\t\t\t<div class=\"elementor-element elementor-element-9678132 elementor-widget elementor-widget-gva-posts\" data-id=\"9678132\" data-element_type=\"widget\" data-widget_type=\"gva-posts.default\">\n\t\t\t\t<div class=\"elementor-widget-container\">\n\t\t\t<div class=\"gva-element-gva-posts gva-element\">  \r\n  <div class=\"gva-posts-grid clearfix gva-posts\">\r\n\t\t<div class=\"gva-content-items\"> \r\n\t\t  <div class=\"lg-block-grid-3 md-block-grid-3 sm-block-grid-2 xs-block-grid-2 xx-block-grid-1\">\r\n\t\t\t <div class=\"item-columns\"><article class=\"post-1693 post type-post status-publish format-standard has-post-thumbnail hentry category-winter-wonderland-in-lapland category-guides category-tours tag-finland tag-lapland tag-winter-wonderland\">\r\n   <div class=\"post post-one__single has-thumbnail\">\r\n      <div class=\"post-one__wrap\">\r\n         <div class=\"post-one__thumbnail\"><a href=\"https:\/\/izimanija.com\/de\/what-to-do-in-lapland-in-winter\/\"><img fetchpriority=\"high\" decoding=\"async\" width=\"500\" height=\"360\" src=\"https:\/\/izimanija.com\/wp-content\/uploads\/koparafinlandreindeer-500x360.jpg\" class=\"attachment-post-thumbnail size-post-thumbnail wp-post-image\" alt=\"What to do in Lapland in winter?\" \/><\/a><div class=\"entry-date\"><span class=\"date\">04<\/span><span class=\"month\">M\u00e4rz<\/span><\/div><\/div>       \r\n         <div class=\"post-one__content\">\r\n            <div class=\"post-one__category\"><span class=\"cat-links\"><a href=\"https:\/\/izimanija.com\/de\/category\/winter-wonderland-in-lapland\/\" rel=\"category tag\">Winterwunderland in Lappland<\/a>, <a href=\"https:\/\/izimanija.com\/de\/category\/guides\/\" rel=\"category tag\">F\u00fchrer<\/a>, <a href=\"https:\/\/izimanija.com\/de\/category\/tours\/\" rel=\"category tag\">Touren<\/a><\/span><\/div>            <div class=\"post-one__content-inner\">\r\n               \r\n               <div class=\"post-one__meta\">\r\n                  <div class=\"clearfix meta-inline post-meta-1\"><span class=\"author vcard\"><i class=\"fas fa-user-circle\"><\/i>Izidor Furjan<\/span><\/div>               <\/div> \r\n               <h3 class=\"post-one__title\"><a href=\"https:\/\/izimanija.com\/de\/what-to-do-in-lapland-in-winter\/\" rel=\"bookmark\">Was kann man im Winter in Lappland unternehmen?<\/a><\/h3>\r\n               <div class=\"post-one__desc\">Lappland, in den n\u00f6rdlichsten Regionen Finnlands, Schwedens und Norwegens gelegen, ist ein magischer Winter<\/div>               <div class=\"post-one__bottom\">\r\n                  <a class=\"post-one__read-more\" href=\"https:\/\/izimanija.com\/de\/what-to-do-in-lapland-in-winter\/\">\r\n                    Read More                    <i class=\"fa-solid fa-arrow-right\"><\/i>\r\n                  <\/a>\r\n               <\/div>\r\n            <\/div>\r\n         <\/div>\r\n      <\/div>   \r\n   <\/div>   \r\n<\/article><\/div><div class=\"item-columns\"><article class=\"post-1688 post type-post status-publish format-standard has-post-thumbnail hentry category-trekking-madeira category-guides category-tours tag-hiking-holiday tag-hiking-madeira tag-madeira tag-trekking-madeira\">\r\n   <div class=\"post post-one__single has-thumbnail\">\r\n      <div class=\"post-one__wrap\">\r\n         <div class=\"post-one__thumbnail\"><a href=\"https:\/\/izimanija.com\/de\/why-choose-madeira-for-a-hiking-holiday\/\"><img decoding=\"async\" width=\"500\" height=\"360\" src=\"https:\/\/izimanija.com\/wp-content\/uploads\/madeira-trekking-500x360.jpg\" class=\"attachment-post-thumbnail size-post-thumbnail wp-post-image\" alt=\"Why choose Madeira for a hiking holiday?\" srcset=\"https:\/\/izimanija.com\/wp-content\/uploads\/madeira-trekking-500x360.jpg 500w, https:\/\/izimanija.com\/wp-content\/uploads\/madeira-trekking-16x12.jpg 16w\" sizes=\"(max-width: 500px) 100vw, 500px\" \/><\/a><div class=\"entry-date\"><span class=\"date\">04<\/span><span class=\"month\">M\u00e4rz<\/span><\/div><\/div>       \r\n         <div class=\"post-one__content\">\r\n            <div class=\"post-one__category\"><span class=\"cat-links\"><a href=\"https:\/\/izimanija.com\/de\/category\/trekking-madeira\/\" rel=\"category tag\">Trekking auf Madeira<\/a>, <a href=\"https:\/\/izimanija.com\/de\/category\/guides\/\" rel=\"category tag\">F\u00fchrer<\/a>, <a href=\"https:\/\/izimanija.com\/de\/category\/tours\/\" rel=\"category tag\">Touren<\/a><\/span><\/div>            <div class=\"post-one__content-inner\">\r\n               \r\n               <div class=\"post-one__meta\">\r\n                  <div class=\"clearfix meta-inline post-meta-1\"><span class=\"author vcard\"><i class=\"fas fa-user-circle\"><\/i>Izidor Furjan<\/span><\/div>               <\/div> \r\n               <h3 class=\"post-one__title\"><a href=\"https:\/\/izimanija.com\/de\/why-choose-madeira-for-a-hiking-holiday\/\" rel=\"bookmark\">Warum Madeira f\u00fcr einen Wanderurlaub w\u00e4hlen?<\/a><\/h3>\r\n               <div class=\"post-one__desc\">Madeira ist aus mehreren \u00fcberzeugenden Gr\u00fcnden eine fantastische Wahl f\u00fcr einen Wanderurlaub: Insgesamt<\/div>               <div class=\"post-one__bottom\">\r\n                  <a class=\"post-one__read-more\" href=\"https:\/\/izimanija.com\/de\/why-choose-madeira-for-a-hiking-holiday\/\">\r\n                    Read More                    <i class=\"fa-solid fa-arrow-right\"><\/i>\r\n                  <\/a>\r\n               <\/div>\r\n            <\/div>\r\n         <\/div>\r\n      <\/div>   \r\n   <\/div>   \r\n<\/article><\/div><div class=\"item-columns\"><article class=\"post-1666 post type-post status-publish format-standard has-post-thumbnail hentry category-trekking-fishermens-trail category-guides category-tours tag-coastal-hiker tag-fishermens-trail\">\r\n   <div class=\"post post-one__single has-thumbnail\">\r\n      <div class=\"post-one__wrap\">\r\n         <div class=\"post-one__thumbnail\"><a href=\"https:\/\/izimanija.com\/de\/what-are-the-most-scenic-coastal-trails-in-europe\/\"><img decoding=\"async\" width=\"500\" height=\"360\" src=\"https:\/\/izimanija.com\/wp-content\/uploads\/trekking-fishermens-trail-500x360.jpg\" class=\"attachment-post-thumbnail size-post-thumbnail wp-post-image\" alt=\"What are the most scenic coastal trails in Europe?\" \/><\/a><div class=\"entry-date\"><span class=\"date\">03<\/span><span class=\"month\">M\u00e4rz<\/span><\/div><\/div>       \r\n         <div class=\"post-one__content\">\r\n            <div class=\"post-one__category\"><span class=\"cat-links\"><a href=\"https:\/\/izimanija.com\/de\/category\/trekking-fishermens-trail\/\" rel=\"category tag\">Wandern auf dem Fishermen&#039;s Trail<\/a>, <a href=\"https:\/\/izimanija.com\/de\/category\/guides\/\" rel=\"category tag\">F\u00fchrer<\/a>, <a href=\"https:\/\/izimanija.com\/de\/category\/tours\/\" rel=\"category tag\">Touren<\/a><\/span><\/div>            <div class=\"post-one__content-inner\">\r\n               \r\n               <div class=\"post-one__meta\">\r\n                  <div class=\"clearfix meta-inline post-meta-1\"><span class=\"author vcard\"><i class=\"fas fa-user-circle\"><\/i>Izidor Furjan<\/span><span class=\"post-comment\"><i class=\"fas fa-comments\"><\/i>0 Comments<\/span><\/div>               <\/div> \r\n               <h3 class=\"post-one__title\"><a href=\"https:\/\/izimanija.com\/de\/what-are-the-most-scenic-coastal-trails-in-europe\/\" rel=\"bookmark\">Was sind die sch\u00f6nsten K\u00fcstenwanderwege in Europa?<\/a><\/h3>\r\n               <div class=\"post-one__desc\">In Europa gibt es zahlreiche atemberaubende K\u00fcstenwanderwege, die atemberaubende Ausblicke auf das Meer, Klippen,<\/div>               <div class=\"post-one__bottom\">\r\n                  <a class=\"post-one__read-more\" href=\"https:\/\/izimanija.com\/de\/what-are-the-most-scenic-coastal-trails-in-europe\/\">\r\n                    Read More                    <i class=\"fa-solid fa-arrow-right\"><\/i>\r\n                  <\/a>\r\n               <\/div>\r\n            <\/div>\r\n         <\/div>\r\n      <\/div>   \r\n   <\/div>   \r\n<\/article><\/div><div class=\"item-columns\"><article class=\"post-1660 post type-post status-publish format-standard has-post-thumbnail hentry category-trekking-fishermens-trail category-guides category-tours tag-fishermens-trail tag-portugal tag-trekking\">\r\n   <div class=\"post post-one__single has-thumbnail\">\r\n      <div class=\"post-one__wrap\">\r\n         <div class=\"post-one__thumbnail\"><a href=\"https:\/\/izimanija.com\/de\/why-fishermens-trail\/\"><img loading=\"lazy\" decoding=\"async\" width=\"500\" height=\"360\" src=\"https:\/\/izimanija.com\/wp-content\/uploads\/trekking-fishermens-trail-izimanija-500x360.jpg\" class=\"attachment-post-thumbnail size-post-thumbnail wp-post-image\" alt=\"Why Fishermen&#8217;s Trail?\" \/><\/a><div class=\"entry-date\"><span class=\"date\">03<\/span><span class=\"month\">M\u00e4rz<\/span><\/div><\/div>       \r\n         <div class=\"post-one__content\">\r\n            <div class=\"post-one__category\"><span class=\"cat-links\"><a href=\"https:\/\/izimanija.com\/de\/category\/trekking-fishermens-trail\/\" rel=\"category tag\">Wandern auf dem Fishermen&#039;s Trail<\/a>, <a href=\"https:\/\/izimanija.com\/de\/category\/guides\/\" rel=\"category tag\">F\u00fchrer<\/a>, <a href=\"https:\/\/izimanija.com\/de\/category\/tours\/\" rel=\"category tag\">Touren<\/a><\/span><\/div>            <div class=\"post-one__content-inner\">\r\n               \r\n               <div class=\"post-one__meta\">\r\n                  <div class=\"clearfix meta-inline post-meta-1\"><span class=\"author vcard\"><i class=\"fas fa-user-circle\"><\/i>Izidor Furjan<\/span><\/div>               <\/div> \r\n               <h3 class=\"post-one__title\"><a href=\"https:\/\/izimanija.com\/de\/why-fishermens-trail\/\" rel=\"bookmark\">Warum Fishermen&#039;s Trail?<\/a><\/h3>\r\n               <div class=\"post-one__desc\">Der \u201eFischerweg\u201c ist ein K\u00fcstenweg in Portugal entlang der S\u00fcdwestk\u00fcste des Landes<\/div>               <div class=\"post-one__bottom\">\r\n                  <a class=\"post-one__read-more\" href=\"https:\/\/izimanija.com\/de\/why-fishermens-trail\/\">\r\n                    Read More                    <i class=\"fa-solid fa-arrow-right\"><\/i>\r\n                  <\/a>\r\n               <\/div>\r\n            <\/div>\r\n         <\/div>\r\n      <\/div>   \r\n   <\/div>   \r\n<\/article><\/div><div class=\"item-columns\"><article class=\"post-1642 post type-post status-publish format-standard hentry category-guides category-tours tag-safari-from-moshi tag-safari-tanzania tag-trekking-kilimanjaro\">\r\n   <div class=\"post post-one__single has-no-thumbnail\">\r\n      <div class=\"post-one__wrap\">\r\n                \r\n         <div class=\"post-one__content\">\r\n            <div class=\"post-one__category\"><span class=\"cat-links\"><a href=\"https:\/\/izimanija.com\/de\/category\/guides\/\" rel=\"category tag\">F\u00fchrer<\/a>, <a href=\"https:\/\/izimanija.com\/de\/category\/tours\/\" rel=\"category tag\">Touren<\/a><\/span><\/div>            <div class=\"post-one__content-inner\">\r\n               \r\n               <div class=\"post-one__meta\">\r\n                  <div class=\"clearfix meta-inline post-meta-1\"><span class=\"author vcard\"><i class=\"fas fa-user-circle\"><\/i>Izidor Furjan<\/span><\/div>               <\/div> \r\n               <h3 class=\"post-one__title\"><a href=\"https:\/\/izimanija.com\/de\/what-safaris-to-do-from-moshi-tanzania\/\" rel=\"bookmark\">Welche Safaris gibt es ab Moshi, Tansania?<\/a><\/h3>\r\n               <div class=\"post-one__desc\">Moshi liegt in der N\u00e4he des Fu\u00dfes des Kilimandscharo in Tansania und dient als Tor zu<\/div>               <div class=\"post-one__bottom\">\r\n                  <a class=\"post-one__read-more\" href=\"https:\/\/izimanija.com\/de\/what-safaris-to-do-from-moshi-tanzania\/\">\r\n                    Read More                    <i class=\"fa-solid fa-arrow-right\"><\/i>\r\n                  <\/a>\r\n               <\/div>\r\n            <\/div>\r\n         <\/div>\r\n      <\/div>   \r\n   <\/div>   \r\n<\/article><\/div><div class=\"item-columns\"><article class=\"post-1636 post type-post status-publish format-standard hentry category-tours category-guides tag-best-time-ararat tag-climb-ararat tag-mount-ararat\">\r\n   <div class=\"post post-one__single has-no-thumbnail\">\r\n      <div class=\"post-one__wrap\">\r\n                \r\n         <div class=\"post-one__content\">\r\n            <div class=\"post-one__category\"><span class=\"cat-links\"><a href=\"https:\/\/izimanija.com\/de\/category\/tours\/\" rel=\"category tag\">Touren<\/a>, <a href=\"https:\/\/izimanija.com\/de\/category\/guides\/\" rel=\"category tag\">F\u00fchrer<\/a><\/span><\/div>            <div class=\"post-one__content-inner\">\r\n               \r\n               <div class=\"post-one__meta\">\r\n                  <div class=\"clearfix meta-inline post-meta-1\"><span class=\"author vcard\"><i class=\"fas fa-user-circle\"><\/i>Izidor Furjan<\/span><span class=\"post-comment\"><i class=\"fas fa-comments\"><\/i>0 Comments<\/span><\/div>               <\/div> \r\n               <h3 class=\"post-one__title\"><a href=\"https:\/\/izimanija.com\/de\/when-is-the-best-time-to-climb-mount-ararat\/\" rel=\"bookmark\">Wann ist die beste Zeit, den Berg Ararat zu besteigen?<\/a><\/h3>\r\n               <div class=\"post-one__desc\">Die beste Zeit, den Berg Ararat zu besteigen, sind normalerweise die Sommermonate<\/div>               <div class=\"post-one__bottom\">\r\n                  <a class=\"post-one__read-more\" href=\"https:\/\/izimanija.com\/de\/when-is-the-best-time-to-climb-mount-ararat\/\">\r\n                    Read More                    <i class=\"fa-solid fa-arrow-right\"><\/i>\r\n                  <\/a>\r\n               <\/div>\r\n            <\/div>\r\n         <\/div>\r\n      <\/div>   \r\n   <\/div>   \r\n<\/article><\/div>\t\t  <\/div>\r\n\t\t<\/div>\r\n\t\t\t\t\t <div class=\"pagination\">\r\n\t\t\t\t  <div class=\"column one pager_wrapper\"><div class=\"pager\"><div class=\"paginations\"><a href=\"https:\/\/izimanija.com\/de\/wp-json\/wp\/v2\/pages\/408\/\" class=\"page-item active\">1<\/a><a href=\"https:\/\/izimanija.com\/de\/wp-json\/wp\/v2\/pages\/408\/page\/2\/\" class=\"page-item\">2<\/a><a class=\"next_page\" href=\"https:\/\/izimanija.com\/de\/wp-json\/wp\/v2\/pages\/408\/page\/2\/\"><i class=\"fas fa-chevron-right\"><\/i><\/a><\/div><\/div><\/div>\n\t\t\t <\/div>\r\n\t\t  <\/div>\r\n  <\/div>\t\t<\/div>\n\t\t\t\t<\/div>\n\t\t\t\t\t<\/div>\n\t\t<\/div>\n\t\t\t\t\t<\/div>\n\t\t<\/section>\n\t\t\t\t<section class=\"elementor-section elementor-top-section elementor-element elementor-element-b6b9d89 elementor-section-boxed elementor-section-height-default elementor-section-height-default\" data-id=\"b6b9d89\" data-element_type=\"section\" data-settings=\"{&quot;background_background&quot;:&quot;classic&quot;}\">\n\t\t\t\t\t\t<div class=\"elementor-container elementor-column-gap-default\">\n\t\t\t\t\t<div class=\"elementor-column elementor-col-50 elementor-top-column elementor-element elementor-element-b19d260\" data-id=\"b19d260\" data-element_type=\"column\">\n\t\t\t<div class=\"elementor-widget-wrap elementor-element-populated\">\n\t\t\t\t\t\t<div class=\"elementor-element elementor-element-7efdfef elementor-position-left elementor-vertical-align-middle icon-box-left elementor-view-default elementor-mobile-position-top elementor-widget elementor-widget-icon-box\" data-id=\"7efdfef\" data-element_type=\"widget\" data-widget_type=\"icon-box.default\">\n\t\t\t\t<div class=\"elementor-widget-container\">\n\t\t\t\t\t<div class=\"elementor-icon-box-wrapper\">\n\t\t\t\t\t\t<div class=\"elementor-icon-box-icon\">\n\t\t\t\t<span  class=\"elementor-icon elementor-animation-\">\n\t\t\t\t<i aria-hidden=\"true\" class=\"gwflaticon-travel\"><\/i>\t\t\t\t<\/span>\n\t\t\t<\/div>\n\t\t\t\t\t\t<div class=\"elementor-icon-box-content\">\n\t\t\t\t<h3 class=\"elementor-icon-box-title\">\n\t\t\t\t\t<span  >\n\t\t\t\t\t\tIZIMANIJA-ZIELE\t\t\t\t\t<\/span>\n\t\t\t\t<\/h3>\n\t\t\t\t\t\t\t\t\t<p class=\"elementor-icon-box-description\">\n\t\t\t\t\t\tEntdecken Sie hier Ihre idealen Reiseziele!\t\t\t\t\t<\/p>\n\t\t\t\t\t\t\t<\/div>\n\t\t<\/div>\n\t\t\t\t<\/div>\n\t\t\t\t<\/div>\n\t\t\t\t\t<\/div>\n\t\t<\/div>\n\t\t\t\t<div class=\"elementor-column elementor-col-50 elementor-top-column elementor-element elementor-element-adb556c\" data-id=\"adb556c\" data-element_type=\"column\">\n\t\t\t<div class=\"elementor-widget-wrap elementor-element-populated\">\n\t\t\t\t\t\t<div class=\"elementor-element elementor-element-6389af6 elementor-widget__width-auto elementor-widget elementor-widget-html\" data-id=\"6389af6\" data-element_type=\"widget\" data-widget_type=\"html.default\">\n\t\t\t\t<div class=\"elementor-widget-container\">\n\t\t\t<a class=\"btn-white\" href=\"https:\/\/izimanija.com\/de\/destinations\/\">\n    Entdecken Sie Reiseziele\n<\/a>\t\t<\/div>\n\t\t\t\t<\/div>\n\t\t\t\t\t<\/div>\n\t\t<\/div>\n\t\t\t\t\t<\/div>\n\t\t<\/section>\n\t\t\t\t<\/div>","protected":false},"excerpt":{"rendered":"<p>The 8 best things about travel adventure Home 19Dec Adventure bizon0 Comments Things to see and do when visiting Japan There are many variations of but the majority have simply free text. Read More 19Dec City Tours bizon0 Comments A place where start new life with adventure travel There are many variations of but the [&hellip;]<\/p>","protected":false},"author":1,"featured_media":0,"parent":0,"menu_order":0,"comment_status":"closed","ping_status":"closed","template":"","meta":{"footnotes":""},"class_list":["post-408","page","type-page","status-publish","hentry"],"_links":{"self":[{"href":"https:\/\/izimanija.com\/de\/wp-json\/wp\/v2\/pages\/408","targetHints":{"allow":["GET"]}}],"collection":[{"href":"https:\/\/izimanija.com\/de\/wp-json\/wp\/v2\/pages"}],"about":[{"href":"https:\/\/izimanija.com\/de\/wp-json\/wp\/v2\/types\/page"}],"author":[{"embeddable":true,"href":"https:\/\/izimanija.com\/de\/wp-json\/wp\/v2\/users\/1"}],"replies":[{"embeddable":true,"href":"https:\/\/izimanija.com\/de\/wp-json\/wp\/v2\/comments?post=408"}],"version-history":[{"count":5,"href":"https:\/\/izimanija.com\/de\/wp-json\/wp\/v2\/pages\/408\/revisions"}],"predecessor-version":[{"id":717,"href":"https:\/\/izimanija.com\/de\/wp-json\/wp\/v2\/pages\/408\/revisions\/717"}],"wp:attachment":[{"href":"https:\/\/izimanija.com\/de\/wp-json\/wp\/v2\/media?parent=408"}],"curies":[{"name":"wp","href":"https:\/\/api.w.org\/{rel}","templated":true}]}}